{"id":279,"date":"2023-02-20T12:44:44","date_gmt":"2023-02-20T11:44:44","guid":{"rendered":"https:\/\/gutshof-rakow.com\/de\/?page_id=279"},"modified":"2023-04-24T14:27:49","modified_gmt":"2023-04-24T12:27:49","slug":"faq","status":"publish","type":"page","link":"https:\/\/ferienanlage.gutshof-rakow.de\/de\/faq\/","title":{"rendered":"FAQ"},"content":{"rendered":"\t\t<div data-elementor-type=\"wp-page\" data-elementor-id=\"279\" class=\"elementor elementor-279\" data-elementor-post-type=\"page\">\n\t\t\t\t\t\t\t\t\t<section class=\"elementor-section elementor-top-section elementor-element elementor-element-4ac8310 elementor-section-boxed elementor-section-height-default elementor-section-height-default\" data-id=\"4ac8310\" data-element_type=\"section\" data-settings=\"{&quot;background_background&quot;:&quot;classic&quot;}\">\n\t\t\t\t\t\t<div class=\"elementor-container elementor-column-gap-default\">\n\t\t\t\t\t<div class=\"elementor-column elementor-col-50 elementor-top-column elementor-element elementor-element-f50f5a2\" data-id=\"f50f5a2\" data-element_type=\"column\">\n\t\t\t<div class=\"elementor-widget-wrap elementor-element-populated\">\n\t\t\t\t\t\t\t\t<div class=\"elementor-element elementor-element-a33514a elementor-widget elementor-widget-heading\" data-id=\"a33514a\" data-element_type=\"widget\" data-widget_type=\"heading.default\">\n\t\t\t\t<div class=\"elementor-widget-container\">\n\t\t\t<style>\/*! elementor - v3.17.0 - 08-11-2023 *\/\n.elementor-heading-title{padding:0;margin:0;line-height:1}.elementor-widget-heading .elementor-heading-title[class*=elementor-size-]>a{color:inherit;font-size:inherit;line-height:inherit}.elementor-widget-heading .elementor-heading-title.elementor-size-small{font-size:15px}.elementor-widget-heading .elementor-heading-title.elementor-size-medium{font-size:19px}.elementor-widget-heading .elementor-heading-title.elementor-size-large{font-size:29px}.elementor-widget-heading .elementor-heading-title.elementor-size-xl{font-size:39px}.elementor-widget-heading .elementor-heading-title.elementor-size-xxl{font-size:59px}<\/style><h2 class=\"elementor-heading-title elementor-size-default\">FAQ<\/h2>\t\t<\/div>\n\t\t\t\t<\/div>\n\t\t\t\t\t<\/div>\n\t\t<\/div>\n\t\t\t\t<div class=\"elementor-column elementor-col-50 elementor-top-column elementor-element elementor-element-d42a8b8\" data-id=\"d42a8b8\" data-element_type=\"column\">\n\t\t\t<div class=\"elementor-widget-wrap elementor-element-populated\">\n\t\t\t\t\t\t\t\t<div class=\"elementor-element elementor-element-a6f4e73 elementor-widget elementor-widget-accordion\" data-id=\"a6f4e73\" data-element_type=\"widget\" data-widget_type=\"accordion.default\">\n\t\t\t\t<div class=\"elementor-widget-container\">\n\t\t\t<style>\/*! elementor - v3.17.0 - 08-11-2023 *\/\n.elementor-accordion{text-align:left}.elementor-accordion .elementor-accordion-item{border:1px solid #d5d8dc}.elementor-accordion .elementor-accordion-item+.elementor-accordion-item{border-top:none}.elementor-accordion .elementor-tab-title{margin:0;padding:15px 20px;font-weight:700;line-height:1;cursor:pointer;outline:none}.elementor-accordion .elementor-tab-title .elementor-accordion-icon{display:inline-block;width:1.5em}.elementor-accordion .elementor-tab-title .elementor-accordion-icon svg{width:1em;height:1em}.elementor-accordion .elementor-tab-title .elementor-accordion-icon.elementor-accordion-icon-right{float:right;text-align:right}.elementor-accordion .elementor-tab-title .elementor-accordion-icon.elementor-accordion-icon-left{float:left;text-align:left}.elementor-accordion .elementor-tab-title .elementor-accordion-icon .elementor-accordion-icon-closed{display:block}.elementor-accordion .elementor-tab-title .elementor-accordion-icon .elementor-accordion-icon-opened,.elementor-accordion .elementor-tab-title.elementor-active .elementor-accordion-icon-closed{display:none}.elementor-accordion .elementor-tab-title.elementor-active .elementor-accordion-icon-opened{display:block}.elementor-accordion .elementor-tab-content{display:none;padding:15px 20px;border-top:1px solid #d5d8dc}@media (max-width:767px){.elementor-accordion .elementor-tab-title{padding:12px 15px}.elementor-accordion .elementor-tab-title .elementor-accordion-icon{width:1.2em}.elementor-accordion .elementor-tab-content{padding:7px 15px}}.e-con-inner>.elementor-widget-accordion,.e-con>.elementor-widget-accordion{width:var(--container-widget-width);--flex-grow:var(--container-widget-flex-grow)}<\/style>\t\t<div class=\"elementor-accordion\">\n\t\t\t\t\t\t\t<div class=\"elementor-accordion-item\">\n\t\t\t\t\t<div id=\"elementor-tab-title-1751\" class=\"elementor-tab-title\" data-tab=\"1\" role=\"button\" aria-controls=\"elementor-tab-content-1751\" aria-expanded=\"false\">\n\t\t\t\t\t\t\t\t\t\t\t\t<a class=\"elementor-accordion-title\" tabindex=\"0\">Kann ich die Anlageobjekte besichtigen?<\/a>\n\t\t\t\t\t<\/div>\n\t\t\t\t\t<div id=\"elementor-tab-content-1751\" class=\"elementor-tab-content elementor-clearfix\" data-tab=\"1\" role=\"region\" aria-labelledby=\"elementor-tab-title-1751\"><p>Nat\u00fcrlich ist es m\u00f6glich, die Feriensuiten zu besichtigen. Wir werden regelm\u00e4\u00dfig Besichtigungstage organisieren. Wenn Sie es w\u00fcnschen, k\u00f6nnen wir Ihnen die Termine mitteilen.<\/p><\/div>\n\t\t\t\t<\/div>\n\t\t\t\t\t\t\t<div class=\"elementor-accordion-item\">\n\t\t\t\t\t<div id=\"elementor-tab-title-1752\" class=\"elementor-tab-title\" data-tab=\"2\" role=\"button\" aria-controls=\"elementor-tab-content-1752\" aria-expanded=\"false\">\n\t\t\t\t\t\t\t\t\t\t\t\t<a class=\"elementor-accordion-title\" tabindex=\"0\">Helfen Sie beim Kauf und bei den steuerlichen Aspekten?<\/a>\n\t\t\t\t\t<\/div>\n\t\t\t\t\t<div id=\"elementor-tab-content-1752\" class=\"elementor-tab-content elementor-clearfix\" data-tab=\"2\" role=\"region\" aria-labelledby=\"elementor-tab-title-1752\"><p>Wir nehmen Ihnen die Kaufabwicklung komplett ab. Was den steuerlichen Aspekt betrifft, verweisen wir Sie an Ihren eigenen Steuerberater, da er Ihre pers\u00f6nliche Situation am besten kennt.<\/p><\/div>\n\t\t\t\t<\/div>\n\t\t\t\t\t\t\t<div class=\"elementor-accordion-item\">\n\t\t\t\t\t<div id=\"elementor-tab-title-1753\" class=\"elementor-tab-title\" data-tab=\"3\" role=\"button\" aria-controls=\"elementor-tab-content-1753\" aria-expanded=\"false\">\n\t\t\t\t\t\t\t\t\t\t\t\t<a class=\"elementor-accordion-title\" tabindex=\"0\">Wie hoch ist die Tourismusrate in der Region?<\/a>\n\t\t\t\t\t<\/div>\n\t\t\t\t\t<div id=\"elementor-tab-content-1753\" class=\"elementor-tab-content elementor-clearfix\" data-tab=\"3\" role=\"region\" aria-labelledby=\"elementor-tab-title-1753\"><p>Die durchschnittliche Hotelauslastung lag im Jahr 2021 bei 48 %. Der Betreiber des Gutshofs Rakow erwartet eine h\u00f6here Auslastung. Das liegt zum Teil an der Lage des Ortes am Meer, der sch\u00f6nen Umgebung und den hervorragenden Einrichtungen.<\/p><\/div>\n\t\t\t\t<\/div>\n\t\t\t\t\t\t\t<div class=\"elementor-accordion-item\">\n\t\t\t\t\t<div id=\"elementor-tab-title-1754\" class=\"elementor-tab-title\" data-tab=\"4\" role=\"button\" aria-controls=\"elementor-tab-content-1754\" aria-expanded=\"false\">\n\t\t\t\t\t\t\t\t\t\t\t\t<a class=\"elementor-accordion-title\" tabindex=\"0\">Kann ich meine Ferienwohnung finanzieren?<\/a>\n\t\t\t\t\t<\/div>\n\t\t\t\t\t<div id=\"elementor-tab-content-1754\" class=\"elementor-tab-content elementor-clearfix\" data-tab=\"4\" role=\"region\" aria-labelledby=\"elementor-tab-title-1754\"><p>Das h\u00e4ngt von Ihrer privaten Situation ab. Wir empfehlen Ihnen, sich an Ihren Steuerberater zu wenden.<\/p><\/div>\n\t\t\t\t<\/div>\n\t\t\t\t\t\t\t<div class=\"elementor-accordion-item\">\n\t\t\t\t\t<div id=\"elementor-tab-title-1755\" class=\"elementor-tab-title\" data-tab=\"5\" role=\"button\" aria-controls=\"elementor-tab-content-1755\" aria-expanded=\"false\">\n\t\t\t\t\t\t\t\t\t\t\t\t<a class=\"elementor-accordion-title\" tabindex=\"0\">Wie sind die Parkgeb\u00fchren geregelt?<\/a>\n\t\t\t\t\t<\/div>\n\t\t\t\t\t<div id=\"elementor-tab-content-1755\" class=\"elementor-tab-content elementor-clearfix\" data-tab=\"5\" role=\"region\" aria-labelledby=\"elementor-tab-title-1755\"><p>Sie zahlen 25 Jahre lang alle Parkgeb\u00fchren und der Verwalter k\u00fcmmert sich um alle zus\u00e4tzlichen Leistungen wie Fr\u00fchst\u00fcck, Reinigungsservice und Instandhaltung. Daf\u00fcr erh\u00e4lt er 50% der Bruttomieteinnahmen.<\/p><\/div>\n\t\t\t\t<\/div>\n\t\t\t\t\t\t\t<div class=\"elementor-accordion-item\">\n\t\t\t\t\t<div id=\"elementor-tab-title-1756\" class=\"elementor-tab-title\" data-tab=\"6\" role=\"button\" aria-controls=\"elementor-tab-content-1756\" aria-expanded=\"false\">\n\t\t\t\t\t\t\t\t\t\t\t\t<a class=\"elementor-accordion-title\" tabindex=\"0\">Wie sieht es mit dem Internet im Ferienpark aus?<\/a>\n\t\t\t\t\t<\/div>\n\t\t\t\t\t<div id=\"elementor-tab-content-1756\" class=\"elementor-tab-content elementor-clearfix\" data-tab=\"6\" role=\"region\" aria-labelledby=\"elementor-tab-title-1756\"><p>Keine Sorge, es gibt hervorragende Einrichtungen.<\/p><\/div>\n\t\t\t\t<\/div>\n\t\t\t\t\t\t\t<div class=\"elementor-accordion-item\">\n\t\t\t\t\t<div id=\"elementor-tab-title-1757\" class=\"elementor-tab-title\" data-tab=\"7\" role=\"button\" aria-controls=\"elementor-tab-content-1757\" aria-expanded=\"false\">\n\t\t\t\t\t\t\t\t\t\t\t\t<a class=\"elementor-accordion-title\" tabindex=\"0\">Wer k\u00fcmmert sich um die Vermietung meiner Feriensuite?<\/a>\n\t\t\t\t\t<\/div>\n\t\t\t\t\t<div id=\"elementor-tab-content-1757\" class=\"elementor-tab-content elementor-clearfix\" data-tab=\"7\" role=\"region\" aria-labelledby=\"elementor-tab-title-1757\"><p>Der Verwalter k\u00fcmmert sich um alles. Sie profitieren von einer sorglosen Investition und erhalten automatisch Ihren Anteil an den Mieteinnahmen.<\/p><\/div>\n\t\t\t\t<\/div>\n\t\t\t\t\t\t\t<div class=\"elementor-accordion-item\">\n\t\t\t\t\t<div id=\"elementor-tab-title-1758\" class=\"elementor-tab-title\" data-tab=\"8\" role=\"button\" aria-controls=\"elementor-tab-content-1758\" aria-expanded=\"false\">\n\t\t\t\t\t\t\t\t\t\t\t\t<a class=\"elementor-accordion-title\" tabindex=\"0\">Kann ich mein Appartement selbst nutzen, wenn es einer Vermietungspflicht unterliegt?<\/a>\n\t\t\t\t\t<\/div>\n\t\t\t\t\t<div id=\"elementor-tab-content-1758\" class=\"elementor-tab-content elementor-clearfix\" data-tab=\"8\" role=\"region\" aria-labelledby=\"elementor-tab-title-1758\"><p>Aufgrund der Steuerregelung (unter die die Immobilie f\u00e4llt) ist es Ihnen leider nicht gestattet, die Ferienwohnung privat zu nutzen.<\/p><\/div>\n\t\t\t\t<\/div>\n\t\t\t\t\t\t\t<div class=\"elementor-accordion-item\">\n\t\t\t\t\t<div id=\"elementor-tab-title-1759\" class=\"elementor-tab-title\" data-tab=\"9\" role=\"button\" aria-controls=\"elementor-tab-content-1759\" aria-expanded=\"false\">\n\t\t\t\t\t\t\t\t\t\t\t\t<a class=\"elementor-accordion-title\" tabindex=\"0\">Wie sieht es mit der Nachhaltigkeit des Projekts aus?<\/a>\n\t\t\t\t\t<\/div>\n\t\t\t\t\t<div id=\"elementor-tab-content-1759\" class=\"elementor-tab-content elementor-clearfix\" data-tab=\"9\" role=\"region\" aria-labelledby=\"elementor-tab-title-1759\"><p>Das Projekt Gutshof Rakow ist maximal nachhaltig, sowohl beim Bau der Appartements als auch bei der Energieversorgung. Mehr dazu k\u00f6nnen Sie auf der Website nachlesen.<\/p><\/div>\n\t\t\t\t<\/div>\n\t\t\t\t\t\t\t<div class=\"elementor-accordion-item\">\n\t\t\t\t\t<div id=\"elementor-tab-title-17510\" class=\"elementor-tab-title\" data-tab=\"10\" role=\"button\" aria-controls=\"elementor-tab-content-17510\" aria-expanded=\"false\">\n\t\t\t\t\t\t\t\t\t\t\t\t<a class=\"elementor-accordion-title\" tabindex=\"0\">Ich interessiere mich f\u00fcr eine Ihrer Ferienwohnungen, was nun?<\/a>\n\t\t\t\t\t<\/div>\n\t\t\t\t\t<div id=\"elementor-tab-content-17510\" class=\"elementor-tab-content elementor-clearfix\" data-tab=\"10\" role=\"region\" aria-labelledby=\"elementor-tab-title-17510\">Wir laden Sie gerne zu einem der Besichtigungstage ein. Sie bevorzugen eine pers\u00f6nliche Beratung? Vereinbaren Sie einen <a style=\"border-bottom: 1px black solid; color: #000;\" href=\"https:\/\/ferienanlage.gutshof-rakow.de\/de\/kontakt\/\" target=\"_blank\" rel=\"noopener\">Termin<\/a>, damit wir Ihnen alles erkl\u00e4ren und zeigen k\u00f6nnen.<\/div>\n\t\t\t\t<\/div>\n\t\t\t\t\t\t\t\t<\/div>\n\t\t\t\t<\/div>\n\t\t\t\t<\/div>\n\t\t\t\t\t<\/div>\n\t\t<\/div>\n\t\t\t\t\t\t\t<\/div>\n\t\t<\/section>\n\t\t\t\t\t\t\t<\/div>\n\t\t","protected":false},"excerpt":{"rendered":"<p>FAQ Kann ich die Anlageobjekte besichtigen? Nat\u00fcrlich ist es m\u00f6glich, die Feriensuiten zu besichtigen. Wir werden regelm\u00e4\u00dfig Besichtigungstage organisieren. Wenn Sie es w\u00fcnschen, k\u00f6nnen wir Ihnen die Termine mitteilen. Helfen Sie beim Kauf und bei den steuerlichen Aspekten? Wir nehmen Ihnen die Kaufabwicklung komplett ab. Was den steuerlichen Aspekt betrifft, verweisen wir Sie an Ihren [&hellip;]<\/p>\n","protected":false},"author":1,"featured_media":0,"parent":0,"menu_order":10,"comment_status":"closed","ping_status":"closed","template":"","meta":{"footnotes":""},"class_list":["post-279","page","type-page","status-publish","hentry"],"yoast_head":"<!-- This site is optimized with the Yoast SEO plugin v21.5 - https:\/\/yoast.com\/wordpress\/plugins\/seo\/ -->\n<title>FAQ - Gutshof Rakow<\/title>\n<meta name=\"description\" content=\"Hier finden Sie h\u00e4ufig gestellte Fragen und Antworten (FAQ). Mehr \u00fcber den Kauf einer Ferienwohnung erfahren? Vereinbaren Sie einen Termin.\" \/>\n<meta name=\"robots\" content=\"index, follow, max-snippet:-1, max-image-preview:large, max-video-preview:-1\" \/>\n<link rel=\"canonical\" href=\"https:\/\/ferienanlage.gutshof-rakow.de\/de\/faq\/\" \/>\n<meta property=\"og:locale\" content=\"en_US\" \/>\n<meta property=\"og:type\" content=\"article\" \/>\n<meta property=\"og:title\" content=\"FAQ - Gutshof Rakow\" \/>\n<meta property=\"og:description\" content=\"Hier finden Sie h\u00e4ufig gestellte Fragen und Antworten (FAQ). Mehr \u00fcber den Kauf einer Ferienwohnung erfahren? Vereinbaren Sie einen Termin.\" \/>\n<meta property=\"og:url\" content=\"https:\/\/ferienanlage.gutshof-rakow.de\/de\/faq\/\" \/>\n<meta property=\"og:site_name\" content=\"Gutshof Rakow (DE)\" \/>\n<meta property=\"article:modified_time\" content=\"2023-04-24T12:27:49+00:00\" \/>\n<meta name=\"twitter:card\" content=\"summary_large_image\" \/>\n<meta name=\"twitter:label1\" content=\"Est. reading time\" \/>\n\t<meta name=\"twitter:data1\" content=\"2 minutes\" \/>\n<script type=\"application\/ld+json\" class=\"yoast-schema-graph\">{\"@context\":\"https:\/\/schema.org\",\"@graph\":[{\"@type\":\"WebPage\",\"@id\":\"https:\/\/ferienanlage.gutshof-rakow.de\/de\/faq\/\",\"url\":\"https:\/\/ferienanlage.gutshof-rakow.de\/de\/faq\/\",\"name\":\"FAQ - Gutshof Rakow\",\"isPartOf\":{\"@id\":\"https:\/\/ferienanlage.gutshof-rakow.de\/de\/#website\"},\"datePublished\":\"2023-02-20T11:44:44+00:00\",\"dateModified\":\"2023-04-24T12:27:49+00:00\",\"description\":\"Hier finden Sie h\u00e4ufig gestellte Fragen und Antworten (FAQ). Mehr \u00fcber den Kauf einer Ferienwohnung erfahren? Vereinbaren Sie einen Termin.\",\"breadcrumb\":{\"@id\":\"https:\/\/ferienanlage.gutshof-rakow.de\/de\/faq\/#breadcrumb\"},\"inLanguage\":\"en-US\",\"potentialAction\":[{\"@type\":\"ReadAction\",\"target\":[\"https:\/\/ferienanlage.gutshof-rakow.de\/de\/faq\/\"]}]},{\"@type\":\"BreadcrumbList\",\"@id\":\"https:\/\/ferienanlage.gutshof-rakow.de\/de\/faq\/#breadcrumb\",\"itemListElement\":[{\"@type\":\"ListItem\",\"position\":1,\"name\":\"Home\",\"item\":\"https:\/\/ferienanlage.gutshof-rakow.de\/de\/\"},{\"@type\":\"ListItem\",\"position\":2,\"name\":\"FAQ\"}]},{\"@type\":\"WebSite\",\"@id\":\"https:\/\/ferienanlage.gutshof-rakow.de\/de\/#website\",\"url\":\"https:\/\/ferienanlage.gutshof-rakow.de\/de\/\",\"name\":\"Gutshof Rakow (DE)\",\"description\":\"\",\"publisher\":{\"@id\":\"https:\/\/ferienanlage.gutshof-rakow.de\/de\/#organization\"},\"potentialAction\":[{\"@type\":\"SearchAction\",\"target\":{\"@type\":\"EntryPoint\",\"urlTemplate\":\"https:\/\/ferienanlage.gutshof-rakow.de\/de\/?s={search_term_string}\"},\"query-input\":\"required name=search_term_string\"}],\"inLanguage\":\"en-US\"},{\"@type\":\"Organization\",\"@id\":\"https:\/\/ferienanlage.gutshof-rakow.de\/de\/#organization\",\"name\":\"Gutshof Rakow (DE)\",\"url\":\"https:\/\/ferienanlage.gutshof-rakow.de\/de\/\",\"logo\":{\"@type\":\"ImageObject\",\"inLanguage\":\"en-US\",\"@id\":\"https:\/\/ferienanlage.gutshof-rakow.de\/de\/#\/schema\/logo\/image\/\",\"url\":\"https:\/\/ferienanlage.gutshof-rakow.de\/de\/wp-content\/uploads\/sites\/3\/2023\/02\/Logo_Gutshof-Rakow.png\",\"contentUrl\":\"https:\/\/ferienanlage.gutshof-rakow.de\/de\/wp-content\/uploads\/sites\/3\/2023\/02\/Logo_Gutshof-Rakow.png\",\"width\":500,\"height\":44,\"caption\":\"Gutshof Rakow (DE)\"},\"image\":{\"@id\":\"https:\/\/ferienanlage.gutshof-rakow.de\/de\/#\/schema\/logo\/image\/\"}}]}<\/script>\n<!-- \/ Yoast SEO plugin. -->","yoast_head_json":{"title":"FAQ - Gutshof Rakow","description":"Hier finden Sie h\u00e4ufig gestellte Fragen und Antworten (FAQ). Mehr \u00fcber den Kauf einer Ferienwohnung erfahren? Vereinbaren Sie einen Termin.","robots":{"index":"index","follow":"follow","max-snippet":"max-snippet:-1","max-image-preview":"max-image-preview:large","max-video-preview":"max-video-preview:-1"},"canonical":"https:\/\/ferienanlage.gutshof-rakow.de\/de\/faq\/","og_locale":"en_US","og_type":"article","og_title":"FAQ - Gutshof Rakow","og_description":"Hier finden Sie h\u00e4ufig gestellte Fragen und Antworten (FAQ). Mehr \u00fcber den Kauf einer Ferienwohnung erfahren? Vereinbaren Sie einen Termin.","og_url":"https:\/\/ferienanlage.gutshof-rakow.de\/de\/faq\/","og_site_name":"Gutshof Rakow (DE)","article_modified_time":"2023-04-24T12:27:49+00:00","twitter_card":"summary_large_image","twitter_misc":{"Est. reading time":"2 minutes"},"schema":{"@context":"https:\/\/schema.org","@graph":[{"@type":"WebPage","@id":"https:\/\/ferienanlage.gutshof-rakow.de\/de\/faq\/","url":"https:\/\/ferienanlage.gutshof-rakow.de\/de\/faq\/","name":"FAQ - Gutshof Rakow","isPartOf":{"@id":"https:\/\/ferienanlage.gutshof-rakow.de\/de\/#website"},"datePublished":"2023-02-20T11:44:44+00:00","dateModified":"2023-04-24T12:27:49+00:00","description":"Hier finden Sie h\u00e4ufig gestellte Fragen und Antworten (FAQ). Mehr \u00fcber den Kauf einer Ferienwohnung erfahren? Vereinbaren Sie einen Termin.","breadcrumb":{"@id":"https:\/\/ferienanlage.gutshof-rakow.de\/de\/faq\/#breadcrumb"},"inLanguage":"en-US","potentialAction":[{"@type":"ReadAction","target":["https:\/\/ferienanlage.gutshof-rakow.de\/de\/faq\/"]}]},{"@type":"BreadcrumbList","@id":"https:\/\/ferienanlage.gutshof-rakow.de\/de\/faq\/#breadcrumb","itemListElement":[{"@type":"ListItem","position":1,"name":"Home","item":"https:\/\/ferienanlage.gutshof-rakow.de\/de\/"},{"@type":"ListItem","position":2,"name":"FAQ"}]},{"@type":"WebSite","@id":"https:\/\/ferienanlage.gutshof-rakow.de\/de\/#website","url":"https:\/\/ferienanlage.gutshof-rakow.de\/de\/","name":"Gutshof Rakow (DE)","description":"","publisher":{"@id":"https:\/\/ferienanlage.gutshof-rakow.de\/de\/#organization"},"potentialAction":[{"@type":"SearchAction","target":{"@type":"EntryPoint","urlTemplate":"https:\/\/ferienanlage.gutshof-rakow.de\/de\/?s={search_term_string}"},"query-input":"required name=search_term_string"}],"inLanguage":"en-US"},{"@type":"Organization","@id":"https:\/\/ferienanlage.gutshof-rakow.de\/de\/#organization","name":"Gutshof Rakow (DE)","url":"https:\/\/ferienanlage.gutshof-rakow.de\/de\/","logo":{"@type":"ImageObject","inLanguage":"en-US","@id":"https:\/\/ferienanlage.gutshof-rakow.de\/de\/#\/schema\/logo\/image\/","url":"https:\/\/ferienanlage.gutshof-rakow.de\/de\/wp-content\/uploads\/sites\/3\/2023\/02\/Logo_Gutshof-Rakow.png","contentUrl":"https:\/\/ferienanlage.gutshof-rakow.de\/de\/wp-content\/uploads\/sites\/3\/2023\/02\/Logo_Gutshof-Rakow.png","width":500,"height":44,"caption":"Gutshof Rakow (DE)"},"image":{"@id":"https:\/\/ferienanlage.gutshof-rakow.de\/de\/#\/schema\/logo\/image\/"}}]}},"_links":{"self":[{"href":"https:\/\/ferienanlage.gutshof-rakow.de\/de\/wp-json\/wp\/v2\/pages\/279","targetHints":{"allow":["GET"]}}],"collection":[{"href":"https:\/\/ferienanlage.gutshof-rakow.de\/de\/wp-json\/wp\/v2\/pages"}],"about":[{"href":"https:\/\/ferienanlage.gutshof-rakow.de\/de\/wp-json\/wp\/v2\/types\/page"}],"author":[{"embeddable":true,"href":"https:\/\/ferienanlage.gutshof-rakow.de\/de\/wp-json\/wp\/v2\/users\/1"}],"replies":[{"embeddable":true,"href":"https:\/\/ferienanlage.gutshof-rakow.de\/de\/wp-json\/wp\/v2\/comments?post=279"}],"version-history":[{"count":5,"href":"https:\/\/ferienanlage.gutshof-rakow.de\/de\/wp-json\/wp\/v2\/pages\/279\/revisions"}],"predecessor-version":[{"id":672,"href":"https:\/\/ferienanlage.gutshof-rakow.de\/de\/wp-json\/wp\/v2\/pages\/279\/revisions\/672"}],"wp:attachment":[{"href":"https:\/\/ferienanlage.gutshof-rakow.de\/de\/wp-json\/wp\/v2\/media?parent=279"}],"curies":[{"name":"wp","href":"https:\/\/api.w.org\/{rel}","templated":true}]}}